{"id":466,"date":"2022-03-31T21:24:53","date_gmt":"2022-03-31T21:24:53","guid":{"rendered":"https:\/\/malymagazyn.pl\/?page_id=466"},"modified":"2025-10-28T20:12:22","modified_gmt":"2025-10-28T20:12:22","slug":"mozesz-wynajac-w-celu","status":"publish","type":"page","link":"https:\/\/malymagazyn.pl\/en\/mozesz-wynajac-w-celu\/","title":{"rendered":"Mo\u017cesz wynaj\u0105\u0107 w celu:"},"content":{"rendered":"<h3>\n\t\t\t\t\tStorage of furniture and electronics and household appliances<br \/>\n\t\t\t<\/h3>\n<p>\t\t\t\tPrzechowanie mebli na czas remontu mo\u017ce znacznie u\u0142atwi\u0107 wykonanie prac.<br \/>\nA mo\u017ce masz meble, kt\u00f3re mo\u017cna wykorzysta\u0107 p\u00f3\u017aniej w innym miejscu.<br \/>\n\t\t\t\t<img decoding=\"async\" src=\"https:\/\/malymagazyn.pl\/wp-content\/uploads\/2022\/03\/przechowanie_mebli.jpg\" alt=\"Przechowywanie mebli oraz sprz\u0119tu RTV-AGD\"><\/p>\n<h3>\n\t\t\t\t\tSafe archive for documents<br \/>\n\t\t\t<\/h3>\n<p>\t\t\t\tThe place is very well protected against moisture, fire or weather conditions.<br \/>\n\t\t\t\t<img decoding=\"async\" src=\"https:\/\/malymagazyn.pl\/wp-content\/uploads\/2022\/03\/maly_magazyn_archiwum_dokumentow.jpg\" alt=\"Bezpieczne archiwum na dokumenty\"><\/p>\n<h3>\n\t\t\t\t\tGarage for cars, trailers, motorbikes, quads<br \/>\n\t\t\t<\/h3>\n<p>\t\t\t\tA warehouse with an area of 30 m2 can accommodate a lot of vehicles.<br \/>\n\t\t\t\t<img decoding=\"async\" src=\"https:\/\/malymagazyn.pl\/wp-content\/uploads\/2022\/03\/maly_magazyn_garaz_na_auta.jpg\" alt=\"Gara\u017c na auta, naczep, motory, quady\"><br \/>\n\t\t<div style=\"width: 640px;\" class=\"wp-video\"><video class=\"wp-video-shortcode\" id=\"video-466-1\" width=\"640\" height=\"360\" preload=\"metadata\" controls=\"controls\"><source type=\"video\/mp4\" src=\"https:\/\/malymagazyn.pl\/wp-content\/uploads\/2022\/04\/018.mp4?_=1\" \/><a href=\"https:\/\/malymagazyn.pl\/wp-content\/uploads\/2022\/04\/018.mp4\">https:\/\/malymagazyn.pl\/wp-content\/uploads\/2022\/04\/018.mp4<\/a><\/video><\/div>\t\t<\/p>\n<h2>Warehouse base for construction and installation companies<\/h2>\n<h3>\n\t\t\t\t\tWorkshop, studio<br \/>\n\t\t\t<\/h3>\n<p>\t\t\t\tMa\u0142y warsztat, pracowania z dogodnym dojazdem, o\u015bwietleniem i zasilaniem.<br \/>\nWysoko\u015b\u0107 kontenera 2,5 m, daje swobod\u0119 ruch\u00f3w.<br \/>\n\t\t\t\t<img decoding=\"async\" src=\"https:\/\/malymagazyn.pl\/wp-content\/uploads\/2022\/04\/maly_magazyn_warsztat.jpg\" alt=\"Warsztat, pracownia\"><\/p>\n<h3>\n\t\t\t\t\tMagazine for e-commerce companies<br \/>\n\t\t\t<\/h3>\n<p>\t\t\t\tAt the beginning or even for a well-developed store, our warehouses are a great solution.<br \/>\n\t\t\t\t<img decoding=\"async\" src=\"https:\/\/malymagazyn.pl\/wp-content\/uploads\/2022\/04\/maly_magazyn_ecommerce.jpg\" alt=\"Magazyn dla firm z bran\u017cy e-commerce\"><\/p>\n<h3>\n\t\t\t\t\tPaper and cardboard storage<br \/>\n\t\t\t<\/h3>\n<p>\t\t\t\tAn example of the storage of goods.<br \/>\n\t\t\t\t<img decoding=\"async\" src=\"https:\/\/malymagazyn.pl\/wp-content\/uploads\/2022\/04\/maly_magazyn_magazyn_papieru.jpg\" alt=\"Magazynowanie papieru i kartonu\"><\/p>","protected":false},"excerpt":{"rendered":"<p>Przechowywanie mebli oraz sprz\u0119tu RTV-AGD Przechowanie mebli na czas remontu mo\u017ce znacznie u\u0142atwi\u0107 wykonanie prac. A mo\u017ce masz meble, kt\u00f3re mo\u017cna wykorzysta\u0107 p\u00f3\u017aniej w innym miejscu. Bezpieczne archiwum na dokumenty Miejsce bardzo dobrze zabezpieczone przez wilgoci\u0105, po\u017carem, czy czynnikami atmosferycznymi. Gara\u017c na auta, naczep, motory, quady W magazynie o powierzchni 30m2 mo\u017ce zmie\u015bci\u0107 si\u0119 naprawd\u0119 [&hellip;]<\/p>\n","protected":false},"author":1,"featured_media":0,"parent":0,"menu_order":0,"comment_status":"closed","ping_status":"closed","template":"","meta":{"_acf_changed":false,"footnotes":""},"class_list":["post-466","page","type-page","status-publish","hentry"],"acf":[],"_links":{"self":[{"href":"https:\/\/malymagazyn.pl\/en\/wp-json\/wp\/v2\/pages\/466","targetHints":{"allow":["GET"]}}],"collection":[{"href":"https:\/\/malymagazyn.pl\/en\/wp-json\/wp\/v2\/pages"}],"about":[{"href":"https:\/\/malymagazyn.pl\/en\/wp-json\/wp\/v2\/types\/page"}],"author":[{"embeddable":true,"href":"https:\/\/malymagazyn.pl\/en\/wp-json\/wp\/v2\/users\/1"}],"replies":[{"embeddable":true,"href":"https:\/\/malymagazyn.pl\/en\/wp-json\/wp\/v2\/comments?post=466"}],"version-history":[{"count":100,"href":"https:\/\/malymagazyn.pl\/en\/wp-json\/wp\/v2\/pages\/466\/revisions"}],"predecessor-version":[{"id":1885,"href":"https:\/\/malymagazyn.pl\/en\/wp-json\/wp\/v2\/pages\/466\/revisions\/1885"}],"wp:attachment":[{"href":"https:\/\/malymagazyn.pl\/en\/wp-json\/wp\/v2\/media?parent=466"}],"curies":[{"name":"wp","href":"https:\/\/api.w.org\/{rel}","templated":true}]}}