{"id":44,"date":"2022-02-15T13:37:22","date_gmt":"2022-02-15T13:37:22","guid":{"rendered":"https:\/\/malymagazyn.pl\/?page_id=44"},"modified":"2026-02-17T05:39:23","modified_gmt":"2026-02-17T05:39:23","slug":"oferta","status":"publish","type":"page","link":"https:\/\/malymagazyn.pl\/en\/oferta\/","title":{"rendered":"Offer"},"content":{"rendered":"<p><a href=\"https:\/\/malymagazyn.pl\/wp-content\/uploads\/2022\/03\/maly-magazyn-15m2_v3.png\" data-elementor-open-lightbox=\"yes\" data-elementor-lightbox-title=\"maly-magazyn-15m2_v3\" e-action-hash=\"#elementor-action%3Aaction%3Dlightbox%26settings%3DeyJpZCI6MzYzLCJ1cmwiOiJodHRwczpcL1wvbWFseW1hZ2F6eW4ucGxcL3dwLWNvbnRlbnRcL3VwbG9hZHNcLzIwMjJcLzAzXC9tYWx5LW1hZ2F6eW4tMTVtMl92My5wbmcifQ%3D%3D\"><br \/>\n\t\t\t\t\t\t\t<img decoding=\"async\" width=\"890\" height=\"368\" src=\"https:\/\/malymagazyn.pl\/wp-content\/uploads\/2022\/03\/maly-magazyn-15m2_v3.png\" alt=\"\" loading=\"lazy\" srcset=\"https:\/\/malymagazyn.pl\/wp-content\/uploads\/2022\/03\/maly-magazyn-15m2_v3.png 890w, https:\/\/malymagazyn.pl\/wp-content\/uploads\/2022\/03\/maly-magazyn-15m2_v3-300x124.png 300w, https:\/\/malymagazyn.pl\/wp-content\/uploads\/2022\/03\/maly-magazyn-15m2_v3-768x318.png 768w\" sizes=\"auto, (max-width: 890px) 100vw, 890px\" \/>\t\t\t\t\t\t\t\t<\/a><\/p>\n<ul>\n<li>\n\t\t\t\t\t\t\tContainer 15m2<br \/>\n\t\t\t\t\t\t\t\t\t\t\t\t\t\t\t\t\t\t\t400z\u0142 \/ month<\/p>\n<p>\n\t\t\t\t\t\t\tThe price is negotiable depending on the length of the container lease agreement\t\t\t\t\t\t<\/p>\n<\/li>\n<\/ul>\n<p>\t\t\t\t\t\t\t\t\t\t\t\t\t\t\t\t<a href=\"https:\/\/malymagazyn.pl\/wp-content\/uploads\/2022\/02\/maly-magazyn-30m2_v2.png\" data-elementor-open-lightbox=\"yes\" data-elementor-lightbox-title=\"maly-magazyn-30m2_v2\" e-action-hash=\"#elementor-action%3Aaction%3Dlightbox%26settings%3DeyJpZCI6MzEyLCJ1cmwiOiJodHRwczpcL1wvbWFseW1hZ2F6eW4ucGxcL3dwLWNvbnRlbnRcL3VwbG9hZHNcLzIwMjJcLzAyXC9tYWx5LW1hZ2F6eW4tMzBtMl92Mi5wbmcifQ%3D%3D\"><br \/>\n\t\t\t\t\t\t\t<img decoding=\"async\" width=\"890\" height=\"368\" src=\"https:\/\/malymagazyn.pl\/wp-content\/uploads\/2022\/02\/maly-magazyn-30m2_v2.png\" alt=\"\" loading=\"lazy\" srcset=\"https:\/\/malymagazyn.pl\/wp-content\/uploads\/2022\/02\/maly-magazyn-30m2_v2.png 890w, https:\/\/malymagazyn.pl\/wp-content\/uploads\/2022\/02\/maly-magazyn-30m2_v2-300x124.png 300w, https:\/\/malymagazyn.pl\/wp-content\/uploads\/2022\/02\/maly-magazyn-30m2_v2-768x318.png 768w\" sizes=\"auto, (max-width: 890px) 100vw, 890px\" \/>\t\t\t\t\t\t\t\t<\/a><\/p>\n<ul>\n<li>\n\t\t\t\t\t\t\tContainer 30m2<br \/>\n\t\t\t\t\t\t\t\t\t\t\t\t\t\t\t\t\t\t\t600z\u0142 \/ month<\/p>\n<p>\n\t\t\t\t\t\t\tThe price is negotiable depending on the length of the container lease agreement\t\t\t\t\t\t<\/p>\n<\/li>\n<\/ul>","protected":false},"excerpt":{"rendered":"<p>Magazyn 15m2 400z\u0142 \/ mies. Cena do negocjacji w zale\u017cno\u015bci od d\u0142ugo\u015bci umowy najmu magazynu Magazyn 30m2 600z\u0142 \/ mies. Cena do negocjacji w zale\u017cno\u015bci od d\u0142ugo\u015bci umowy najmu magazynu<\/p>","protected":false},"author":1,"featured_media":0,"parent":0,"menu_order":0,"comment_status":"closed","ping_status":"closed","template":"","meta":{"_acf_changed":false,"footnotes":""},"class_list":["post-44","page","type-page","status-publish","hentry"],"acf":[],"_links":{"self":[{"href":"https:\/\/malymagazyn.pl\/en\/wp-json\/wp\/v2\/pages\/44","targetHints":{"allow":["GET"]}}],"collection":[{"href":"https:\/\/malymagazyn.pl\/en\/wp-json\/wp\/v2\/pages"}],"about":[{"href":"https:\/\/malymagazyn.pl\/en\/wp-json\/wp\/v2\/types\/page"}],"author":[{"embeddable":true,"href":"https:\/\/malymagazyn.pl\/en\/wp-json\/wp\/v2\/users\/1"}],"replies":[{"embeddable":true,"href":"https:\/\/malymagazyn.pl\/en\/wp-json\/wp\/v2\/comments?post=44"}],"version-history":[{"count":78,"href":"https:\/\/malymagazyn.pl\/en\/wp-json\/wp\/v2\/pages\/44\/revisions"}],"predecessor-version":[{"id":1949,"href":"https:\/\/malymagazyn.pl\/en\/wp-json\/wp\/v2\/pages\/44\/revisions\/1949"}],"wp:attachment":[{"href":"https:\/\/malymagazyn.pl\/en\/wp-json\/wp\/v2\/media?parent=44"}],"curies":[{"name":"wp","href":"https:\/\/api.w.org\/{rel}","templated":true}]}}