{"id":33,"date":"2022-02-15T13:29:18","date_gmt":"2022-02-15T13:29:18","guid":{"rendered":"https:\/\/malymagazyn.pl\/?page_id=33"},"modified":"2025-10-28T20:20:37","modified_gmt":"2025-10-28T20:20:37","slug":"self-storage","status":"publish","type":"page","link":"https:\/\/malymagazyn.pl\/en\/","title":{"rendered":"Ma\u0142y magazyn"},"content":{"rendered":"<h2 class=\"wp-block-heading\">Security<\/h2>\n\n<p>The facilities are monitored and patrolled by security companies.<\/p>\n<p>Each warehouse has its own alarm system connected to a security company with rapid response patrols.<\/p>\n<p>At the same time, the owner is informed by text message about an activation of the alarm.<\/p>\n\n<p>Convenient access is provided by a double-winged gate with four bolts. One to even four padlocks can be attached.<\/p>\n\n\r\n            \r\n            \r\n            \r\n            <a name='map1'><\/a>\r\n            \r\n            \r\n            \r\n            <div data-wpgmza-table data-wpgmza-php-class=\"WPGMZA\\MarkerListing\\BasicList\" data-wpgmza-rest-api-route=\"\/marker-listing\/\" data-wpgmza-marker-listing=\"true\" class=\"wpgmza_marker_list_class\" style=\"width:100%;\" data-wpgmza-ajax-parameters='{\"map_id\":\"1\"}' id=\"wpgmza_marker_list_1\"><\/div>\r\n            <div class=\"wpgmza_map\"  id=\"wpgmza_map_1\" style=\"display:block; overflow:auto; width:100%; height:600px; float:left;\" data-settings='{\"id\":\"1\",\"map_title\":\"New Map\",\"map_width\":\"100\",\"map_height\":\"600\",\"map_start_lat\":\"50.02587\",\"map_start_lng\":\"19.864667800000014\",\"map_start_location\":\"45.950464398418106,-109.81550500000003\",\"map_start_zoom\":\"11\",\"default_marker\":\"\",\"type\":\"1\",\"alignment\":\"4\",\"directions_enabled\":\"0\",\"styling_enabled\":\"0\",\"styling_json\":\"\",\"active\":\"0\",\"kml\":\"\",\"bicycle\":\"0\",\"traffic\":\"0\",\"dbox\":\"1\",\"dbox_width\":\"\",\"listmarkers\":\"0\",\"listmarkers_advanced\":\"0\",\"filterbycat\":\"0\",\"ugm_enabled\":\"0\",\"ugm_category_enabled\":\"0\",\"fusion\":\"\",\"map_width_type\":\"%\",\"map_height_type\":\"px\",\"mass_marker_support\":\"0\",\"ugm_access\":\"0\",\"order_markers_by\":\"1\",\"order_markers_choice\":\"1\",\"show_user_location\":\"0\",\"default_to\":\"\",\"other_settings\":{\"map_type\":1,\"sl_stroke_color\":\"#ff0000\",\"sl_fill_color\":\"#ff0000\",\"sl_stroke_opacity\":\"1\",\"sl_fill_opacity\":\"0.5\",\"transport_layer\":false,\"action\":\"wpgmza_save_map\",\"redirect_to\":\"\\\/wp-admin\\\/admin-post.php\",\"map_id\":\"1\",\"http_referer\":\"\\\/wp-admin\\\/admin.php?page=wp-google-maps-menu&amp;amp;action=edit&amp;amp;map_id=1\",\"wpgmza_id\":\"1\",\"wpgmza_start_location\":\"50.02587,19.864667800000014\",\"wpgmza_start_zoom\":\"11\",\"wpgmza_theme_data\":\"\",\"wpgmza_dbox_width_type\":\"%\",\"default_from\":\"\",\"directions_behaviour\":\"default\",\"force_google_directions_app\":false,\"directions_route_origin_icon\":\"https:\\\/\\\/malymagazyn.pl\\\/wp-content\\\/plugins\\\/wp-google-maps\\\/images\\\/spotlight-poi2.png\",\"directions_origin_retina\":false,\"directions_route_destination_icon\":\"https:\\\/\\\/malymagazyn.pl\\\/wp-content\\\/plugins\\\/wp-google-maps\\\/images\\\/spotlight-poi2.png\",\"directions_destination_retina\":false,\"directions_route_stroke_color\":\"#4f8df5\",\"directions_route_stroke_weight\":\"4\",\"directions_route_stroke_opacity\":\"0.8\",\"directions_fit_bounds_to_route\":false,\"store_locator_enabled\":false,\"store_locator_search_area\":\"radial\",\"wpgmza_store_locator_radius_style\":\"legacy\",\"wpgmza_store_locator_default_radius\":\"10\",\"store_locator_auto_area_max_zoom\":\"\",\"wpgmza_store_locator_restrict\":\"\",\"store_locator_distance\":false,\"wpgmza_store_locator_position\":false,\"store_locator_show_distance\":false,\"store_locator_category\":false,\"wpgmza_store_locator_use_their_location\":false,\"wpgmza_store_locator_bounce\":false,\"upload_default_sl_marker\":\"\",\"upload_default_sl_marker_retina\":false,\"wpgmza_sl_animation\":\"0\",\"wpgmza_store_locator_hide_before_search\":false,\"store_locator_query_string\":\"\",\"store_locator_default_address\":\"\",\"store_locator_name_search\":false,\"store_locator_name_string\":\"\",\"store_locator_not_found_message\":\"\",\"retina\":false,\"wpgmza_map_align\":\"1\",\"upload_default_ul_marker\":\"\",\"upload_default_ul_marker_retina\":false,\"jump_to_nearest_marker_on_initialization\":false,\"automatically_pan_to_users_location\":false,\"override_users_location_zoom_level\":false,\"override_users_location_zoom_levels\":\"\",\"show_distance_from_location\":false,\"map_max_zoom\":\"21\",\"map_min_zoom\":\"0\",\"click_open_link\":false,\"fit_maps_bounds_to_markers\":false,\"fit_maps_bounds_to_markers_after_filtering\":false,\"hide_point_of_interest\":false,\"wpgmza_zoom_on_marker_click\":false,\"wpgmza_zoom_on_marker_click_slider\":\"\",\"close_infowindow_on_map_click\":false,\"disable_lightbox_images\":false,\"use_Raw_Jpeg_Coordinates\":false,\"polygon_labels\":false,\"disable_polygon_info_windows\":false,\"enable_advanced_custom_fields_integration\":false,\"enable_toolset_woocommerce_integration\":false,\"only_load_markers_within_viewport\":false,\"iw_primary_color\":\"#000000\",\"iw_accent_color\":\"#000000\",\"iw_text_color\":\"#000000\",\"wpgmza_listmarkers_by\":\"4\",\"wpgmza_marker_listing_position\":true,\"wpgmza_push_in_map\":false,\"wpgmza_push_in_map_placement\":\"1\",\"wpgmza_push_in_map_width\":\"\",\"wpgmza_push_in_map_height\":\"\",\"zoom_level_on_marker_listing_override\":false,\"zoom_level_on_marker_listing_click\":\"\",\"datatable_no_result_message\":\"\",\"remove_search_box_datables\":false,\"dataTable_pagination_style\":\"default\",\"datatable_search_string\":\"\",\"datatable_result_start\":\"\",\"datatable_result_of\":\"\",\"datatable_result_to\":\"\",\"datatable_result_total\":\"\",\"datatable_result_show\":\"\",\"datatable_result_entries\":\"\",\"wpgmza_savemap\":\"Save Map \\u00bb\",\"shortcodeAttributes\":{\"id\":\"1\"},\"store_locator_location_placeholder\":\"\",\"marker_listing_disable_zoom\":false,\"enable_marker_labels\":false,\"zoom_level_mobile_override_enabled\":false,\"zoom_level_mobile_override\":\"\"}}' data-map-id='1' data-shortcode-attributes='{\"id\":\"1\"}'> <\/div>\r\n            \r\n               \r\n        \n\n\n<h2 class=\"has-text-align-center wp-block-heading\">Container Location<\/h2>\n\n<figure class=\"wp-block-image size-medium\"><img decoding=\"async\" width=\"300\" height=\"300\" src=\"https:\/\/malymagazyn.pl\/wp-content\/uploads\/2025\/10\/Obszar-kompozycji-1-300x300.webp\" alt class=\"wp-image-1432\" srcset=\"https:\/\/malymagazyn.pl\/wp-content\/uploads\/2025\/10\/Obszar-kompozycji-1-300x300.webp 300w, https:\/\/malymagazyn.pl\/wp-content\/uploads\/2025\/10\/Obszar-kompozycji-1-150x150.webp 150w, https:\/\/malymagazyn.pl\/wp-content\/uploads\/2025\/10\/Obszar-kompozycji-1-12x12.webp 12w, https:\/\/malymagazyn.pl\/wp-content\/uploads\/2025\/10\/Obszar-kompozycji-1-24x24.webp 24w, https:\/\/malymagazyn.pl\/wp-content\/uploads\/2025\/10\/Obszar-kompozycji-1-36x36.webp 36w, https:\/\/malymagazyn.pl\/wp-content\/uploads\/2025\/10\/Obszar-kompozycji-1-48x48.webp 48w, https:\/\/malymagazyn.pl\/wp-content\/uploads\/2025\/10\/Obszar-kompozycji-1.webp 500w\" sizes=\"(max-width: 300px) 100vw, 300px\" \/><\/figure>\n\n<figure class=\"wp-block-image size-full\"><img decoding=\"async\" width=\"303\" height=\"303\" src=\"https:\/\/malymagazyn.pl\/wp-content\/uploads\/2025\/10\/Obszar-kompozycji-1-kopia-2.webp\" alt class=\"wp-image-1437\" srcset=\"https:\/\/malymagazyn.pl\/wp-content\/uploads\/2025\/10\/Obszar-kompozycji-1-kopia-2.webp 303w, https:\/\/malymagazyn.pl\/wp-content\/uploads\/2025\/10\/Obszar-kompozycji-1-kopia-2-300x300.webp 300w, https:\/\/malymagazyn.pl\/wp-content\/uploads\/2025\/10\/Obszar-kompozycji-1-kopia-2-150x150.webp 150w, https:\/\/malymagazyn.pl\/wp-content\/uploads\/2025\/10\/Obszar-kompozycji-1-kopia-2-12x12.webp 12w, https:\/\/malymagazyn.pl\/wp-content\/uploads\/2025\/10\/Obszar-kompozycji-1-kopia-2-24x24.webp 24w, https:\/\/malymagazyn.pl\/wp-content\/uploads\/2025\/10\/Obszar-kompozycji-1-kopia-2-36x36.webp 36w, https:\/\/malymagazyn.pl\/wp-content\/uploads\/2025\/10\/Obszar-kompozycji-1-kopia-2-48x48.webp 48w\" sizes=\"(max-width: 303px) 100vw, 303px\" \/><\/figure>\n\n<p>Each warehouse has its own alarm system connected to a security company with rapid response patrols.<\/p>\n\n<figure class=\"wp-block-image size-full\"><img decoding=\"async\" width=\"303\" height=\"303\" src=\"https:\/\/malymagazyn.pl\/wp-content\/uploads\/2025\/10\/Obszar-kompozycji-1-kopia-6.webp\" alt class=\"wp-image-1438\" srcset=\"https:\/\/malymagazyn.pl\/wp-content\/uploads\/2025\/10\/Obszar-kompozycji-1-kopia-6.webp 303w, https:\/\/malymagazyn.pl\/wp-content\/uploads\/2025\/10\/Obszar-kompozycji-1-kopia-6-300x300.webp 300w, https:\/\/malymagazyn.pl\/wp-content\/uploads\/2025\/10\/Obszar-kompozycji-1-kopia-6-150x150.webp 150w, https:\/\/malymagazyn.pl\/wp-content\/uploads\/2025\/10\/Obszar-kompozycji-1-kopia-6-12x12.webp 12w, https:\/\/malymagazyn.pl\/wp-content\/uploads\/2025\/10\/Obszar-kompozycji-1-kopia-6-24x24.webp 24w, https:\/\/malymagazyn.pl\/wp-content\/uploads\/2025\/10\/Obszar-kompozycji-1-kopia-6-36x36.webp 36w, https:\/\/malymagazyn.pl\/wp-content\/uploads\/2025\/10\/Obszar-kompozycji-1-kopia-6-48x48.webp 48w\" sizes=\"(max-width: 303px) 100vw, 303px\" \/><\/figure>\n\n<p>An alarm system connected to a security company that has the ability to send an intervention group.<\/p>\n\n<figure class=\"wp-block-image size-full\"><img decoding=\"async\" width=\"303\" height=\"303\" src=\"https:\/\/malymagazyn.pl\/wp-content\/uploads\/2025\/10\/Obszar-kompozycji-1-kopia-5.webp\" alt class=\"wp-image-1439\" srcset=\"https:\/\/malymagazyn.pl\/wp-content\/uploads\/2025\/10\/Obszar-kompozycji-1-kopia-5.webp 303w, https:\/\/malymagazyn.pl\/wp-content\/uploads\/2025\/10\/Obszar-kompozycji-1-kopia-5-300x300.webp 300w, https:\/\/malymagazyn.pl\/wp-content\/uploads\/2025\/10\/Obszar-kompozycji-1-kopia-5-150x150.webp 150w, https:\/\/malymagazyn.pl\/wp-content\/uploads\/2025\/10\/Obszar-kompozycji-1-kopia-5-12x12.webp 12w, https:\/\/malymagazyn.pl\/wp-content\/uploads\/2025\/10\/Obszar-kompozycji-1-kopia-5-24x24.webp 24w, https:\/\/malymagazyn.pl\/wp-content\/uploads\/2025\/10\/Obszar-kompozycji-1-kopia-5-36x36.webp 36w, https:\/\/malymagazyn.pl\/wp-content\/uploads\/2025\/10\/Obszar-kompozycji-1-kopia-5-48x48.webp 48w\" sizes=\"(max-width: 303px) 100vw, 303px\" \/><\/figure>\n\n<p>Electrical installation in each container<\/p>\n\n<figure class=\"wp-block-image size-full\"><img decoding=\"async\" width=\"303\" height=\"303\" src=\"https:\/\/malymagazyn.pl\/wp-content\/uploads\/2025\/10\/Obszar-kompozycji-1-kopia.webp\" alt class=\"wp-image-1433\" srcset=\"https:\/\/malymagazyn.pl\/wp-content\/uploads\/2025\/10\/Obszar-kompozycji-1-kopia.webp 303w, https:\/\/malymagazyn.pl\/wp-content\/uploads\/2025\/10\/Obszar-kompozycji-1-kopia-300x300.webp 300w, https:\/\/malymagazyn.pl\/wp-content\/uploads\/2025\/10\/Obszar-kompozycji-1-kopia-150x150.webp 150w, https:\/\/malymagazyn.pl\/wp-content\/uploads\/2025\/10\/Obszar-kompozycji-1-kopia-12x12.webp 12w, https:\/\/malymagazyn.pl\/wp-content\/uploads\/2025\/10\/Obszar-kompozycji-1-kopia-24x24.webp 24w, https:\/\/malymagazyn.pl\/wp-content\/uploads\/2025\/10\/Obszar-kompozycji-1-kopia-36x36.webp 36w, https:\/\/malymagazyn.pl\/wp-content\/uploads\/2025\/10\/Obszar-kompozycji-1-kopia-48x48.webp 48w\" sizes=\"(max-width: 303px) 100vw, 303px\" \/><\/figure>\n\n<p>Individual alarm in each warehouse activated by a dedicated remote control.<\/p>\n\n<h2 class=\"wp-block-heading\">Possibilities<\/h2>\n\n<p>Do naszych lokalizacji jest nieograniczony czasowo, 24 godzinny dost\u0119p we wszystkie dni roku.<\/p>\n<p>Direct driveway to the warehouse for TIR cars. Unloading forklifts are also available.<\/p>\n\n<figure class=\"wp-block-image size-full\"><img decoding=\"async\" width=\"303\" height=\"303\" src=\"https:\/\/malymagazyn.pl\/wp-content\/uploads\/2025\/10\/Obszar-kompozycji-1-kopia-3.webp\" alt class=\"wp-image-1452\" srcset=\"https:\/\/malymagazyn.pl\/wp-content\/uploads\/2025\/10\/Obszar-kompozycji-1-kopia-3.webp 303w, https:\/\/malymagazyn.pl\/wp-content\/uploads\/2025\/10\/Obszar-kompozycji-1-kopia-3-300x300.webp 300w, https:\/\/malymagazyn.pl\/wp-content\/uploads\/2025\/10\/Obszar-kompozycji-1-kopia-3-150x150.webp 150w, https:\/\/malymagazyn.pl\/wp-content\/uploads\/2025\/10\/Obszar-kompozycji-1-kopia-3-12x12.webp 12w, https:\/\/malymagazyn.pl\/wp-content\/uploads\/2025\/10\/Obszar-kompozycji-1-kopia-3-24x24.webp 24w, https:\/\/malymagazyn.pl\/wp-content\/uploads\/2025\/10\/Obszar-kompozycji-1-kopia-3-36x36.webp 36w, https:\/\/malymagazyn.pl\/wp-content\/uploads\/2025\/10\/Obszar-kompozycji-1-kopia-3-48x48.webp 48w\" sizes=\"(max-width: 303px) 100vw, 303px\" \/><\/figure>\n\n<p>Unlimited access to the containers<\/p>\n\n<figure class=\"wp-block-image size-full\"><img decoding=\"async\" width=\"303\" height=\"303\" src=\"https:\/\/malymagazyn.pl\/wp-content\/uploads\/2025\/10\/Obszar-kompozycji-1-kopia-5.webp\" alt class=\"wp-image-1439\" srcset=\"https:\/\/malymagazyn.pl\/wp-content\/uploads\/2025\/10\/Obszar-kompozycji-1-kopia-5.webp 303w, https:\/\/malymagazyn.pl\/wp-content\/uploads\/2025\/10\/Obszar-kompozycji-1-kopia-5-300x300.webp 300w, https:\/\/malymagazyn.pl\/wp-content\/uploads\/2025\/10\/Obszar-kompozycji-1-kopia-5-150x150.webp 150w, https:\/\/malymagazyn.pl\/wp-content\/uploads\/2025\/10\/Obszar-kompozycji-1-kopia-5-12x12.webp 12w, https:\/\/malymagazyn.pl\/wp-content\/uploads\/2025\/10\/Obszar-kompozycji-1-kopia-5-24x24.webp 24w, https:\/\/malymagazyn.pl\/wp-content\/uploads\/2025\/10\/Obszar-kompozycji-1-kopia-5-36x36.webp 36w, https:\/\/malymagazyn.pl\/wp-content\/uploads\/2025\/10\/Obszar-kompozycji-1-kopia-5-48x48.webp 48w\" sizes=\"(max-width: 303px) 100vw, 303px\" \/><\/figure>\n\n<p>Electrical installation in each container<\/p>\n\n<figure class=\"wp-block-image size-full\"><img decoding=\"async\" width=\"303\" height=\"303\" src=\"https:\/\/malymagazyn.pl\/wp-content\/uploads\/2025\/10\/Obszar-kompozycji-1-kopia-7.webp\" alt class=\"wp-image-1453\" srcset=\"https:\/\/malymagazyn.pl\/wp-content\/uploads\/2025\/10\/Obszar-kompozycji-1-kopia-7.webp 303w, https:\/\/malymagazyn.pl\/wp-content\/uploads\/2025\/10\/Obszar-kompozycji-1-kopia-7-300x300.webp 300w, https:\/\/malymagazyn.pl\/wp-content\/uploads\/2025\/10\/Obszar-kompozycji-1-kopia-7-150x150.webp 150w, https:\/\/malymagazyn.pl\/wp-content\/uploads\/2025\/10\/Obszar-kompozycji-1-kopia-7-12x12.webp 12w, https:\/\/malymagazyn.pl\/wp-content\/uploads\/2025\/10\/Obszar-kompozycji-1-kopia-7-24x24.webp 24w, https:\/\/malymagazyn.pl\/wp-content\/uploads\/2025\/10\/Obszar-kompozycji-1-kopia-7-36x36.webp 36w, https:\/\/malymagazyn.pl\/wp-content\/uploads\/2025\/10\/Obszar-kompozycji-1-kopia-7-48x48.webp 48w\" sizes=\"(max-width: 303px) 100vw, 303px\" \/><\/figure>\n\n<p>Good accessibility for trucks making the unloading easy \/ Access for trucks with easy unloading<\/p>\n\n<figure class=\"wp-block-image size-full\"><img decoding=\"async\" width=\"303\" height=\"303\" src=\"https:\/\/malymagazyn.pl\/wp-content\/uploads\/2025\/10\/Obszar-kompozycji-1-kopia-8.webp\" alt class=\"wp-image-1455\" srcset=\"https:\/\/malymagazyn.pl\/wp-content\/uploads\/2025\/10\/Obszar-kompozycji-1-kopia-8.webp 303w, https:\/\/malymagazyn.pl\/wp-content\/uploads\/2025\/10\/Obszar-kompozycji-1-kopia-8-300x300.webp 300w, https:\/\/malymagazyn.pl\/wp-content\/uploads\/2025\/10\/Obszar-kompozycji-1-kopia-8-150x150.webp 150w, https:\/\/malymagazyn.pl\/wp-content\/uploads\/2025\/10\/Obszar-kompozycji-1-kopia-8-12x12.webp 12w, https:\/\/malymagazyn.pl\/wp-content\/uploads\/2025\/10\/Obszar-kompozycji-1-kopia-8-24x24.webp 24w, https:\/\/malymagazyn.pl\/wp-content\/uploads\/2025\/10\/Obszar-kompozycji-1-kopia-8-36x36.webp 36w, https:\/\/malymagazyn.pl\/wp-content\/uploads\/2025\/10\/Obszar-kompozycji-1-kopia-8-48x48.webp 48w\" sizes=\"(max-width: 303px) 100vw, 303px\" \/><\/figure>\n\n<p>Direct driveway to the warehouse.<\/p>\n\n<figure class=\"wp-block-image size-full\"><img decoding=\"async\" width=\"303\" height=\"303\" src=\"https:\/\/malymagazyn.pl\/wp-content\/uploads\/2025\/10\/Obszar-kompozycji-1-kopia-4.webp\" alt class=\"wp-image-1456\" srcset=\"https:\/\/malymagazyn.pl\/wp-content\/uploads\/2025\/10\/Obszar-kompozycji-1-kopia-4.webp 303w, https:\/\/malymagazyn.pl\/wp-content\/uploads\/2025\/10\/Obszar-kompozycji-1-kopia-4-300x300.webp 300w, https:\/\/malymagazyn.pl\/wp-content\/uploads\/2025\/10\/Obszar-kompozycji-1-kopia-4-150x150.webp 150w, https:\/\/malymagazyn.pl\/wp-content\/uploads\/2025\/10\/Obszar-kompozycji-1-kopia-4-12x12.webp 12w, https:\/\/malymagazyn.pl\/wp-content\/uploads\/2025\/10\/Obszar-kompozycji-1-kopia-4-24x24.webp 24w, https:\/\/malymagazyn.pl\/wp-content\/uploads\/2025\/10\/Obszar-kompozycji-1-kopia-4-36x36.webp 36w, https:\/\/malymagazyn.pl\/wp-content\/uploads\/2025\/10\/Obszar-kompozycji-1-kopia-4-48x48.webp 48w\" sizes=\"(max-width: 303px) 100vw, 303px\" \/><\/figure>\n\n<p>Access to a forklift\u00a0<\/p>\n\n<h3 class=\"wp-block-heading\">1. Jak dzia\u0142a wynajem ma\u0142ego magazynu?<\/h3>\n\n<p>Rezerwujesz wybran\u0105 powierzchni\u0119 online lub telefonicznie, podpisujesz prost\u0105 umow\u0119 i od razu mo\u017cesz korzysta\u0107 z magazynu. Nie ma d\u0142ugich formalno\u015bci \u2013 wszystko trwa kilka minut.<\/p>\n\n<h3 class=\"wp-block-heading\">2. Na jak d\u0142ugo mog\u0119 wynaj\u0105\u0107 magazyn?<\/h3>\n\n<p>Umow\u0119 podpisujesz na czas okre\u015blony lub bezterminowo. Masz pe\u0142n\u0105 swobod\u0119 \u2013 mo\u017cesz zako\u0144czy\u0107 wynajem z kr\u00f3tkim okresem wypowiedzenia.<\/p>\n\n<h3 class=\"wp-block-heading\">3. Czy mog\u0119 zmieni\u0107 wielko\u015b\u0107 magazynu w trakcie umowy?<\/h3>\n\n<p>Tak. Je\u015bli Twoje potrzeby si\u0119 zmieni\u0105, mo\u017cemy zaproponowa\u0107 mniejszy lub wi\u0119kszy lokal. Przeniesienie jest szybkie i nie wymaga ponownej skomplikowanej procedury.<\/p>\n\n\n\n<h4 class=\"wp-block-heading\">Safe storage guaranteed.<\/h4>\n\n<h4 class=\"wp-block-heading\">24 godzinny dost\u0119p<\/h4>\n\n<figure class=\"wp-block-image size-full\"><img decoding=\"async\" width=\"512\" height=\"512\" src=\"https:\/\/malymagazyn.pl\/wp-content\/uploads\/2023\/09\/maly_magazyn_favicon.webp\" alt class=\"wp-image-848\" srcset=\"https:\/\/malymagazyn.pl\/wp-content\/uploads\/2023\/09\/maly_magazyn_favicon.webp 512w, https:\/\/malymagazyn.pl\/wp-content\/uploads\/2023\/09\/maly_magazyn_favicon-300x300.webp 300w, https:\/\/malymagazyn.pl\/wp-content\/uploads\/2023\/09\/maly_magazyn_favicon-150x150.webp 150w, https:\/\/malymagazyn.pl\/wp-content\/uploads\/2023\/09\/maly_magazyn_favicon-12x12.webp 12w, https:\/\/malymagazyn.pl\/wp-content\/uploads\/2023\/09\/maly_magazyn_favicon-24x24.webp 24w, https:\/\/malymagazyn.pl\/wp-content\/uploads\/2023\/09\/maly_magazyn_favicon-36x36.webp 36w, https:\/\/malymagazyn.pl\/wp-content\/uploads\/2023\/09\/maly_magazyn_favicon-48x48.webp 48w\" sizes=\"(max-width: 512px) 100vw, 512px\" \/><\/figure>\n\n<figure class=\"wp-block-image size-full\"><img decoding=\"async\" width=\"512\" height=\"512\" src=\"https:\/\/malymagazyn.pl\/wp-content\/uploads\/2023\/09\/maly_magazyn_favicon.webp\" alt class=\"wp-image-848\" srcset=\"https:\/\/malymagazyn.pl\/wp-content\/uploads\/2023\/09\/maly_magazyn_favicon.webp 512w, https:\/\/malymagazyn.pl\/wp-content\/uploads\/2023\/09\/maly_magazyn_favicon-300x300.webp 300w, https:\/\/malymagazyn.pl\/wp-content\/uploads\/2023\/09\/maly_magazyn_favicon-150x150.webp 150w, https:\/\/malymagazyn.pl\/wp-content\/uploads\/2023\/09\/maly_magazyn_favicon-12x12.webp 12w, https:\/\/malymagazyn.pl\/wp-content\/uploads\/2023\/09\/maly_magazyn_favicon-24x24.webp 24w, https:\/\/malymagazyn.pl\/wp-content\/uploads\/2023\/09\/maly_magazyn_favicon-36x36.webp 36w, https:\/\/malymagazyn.pl\/wp-content\/uploads\/2023\/09\/maly_magazyn_favicon-48x48.webp 48w\" sizes=\"(max-width: 512px) 100vw, 512px\" \/><\/figure>\n\n<h2 class=\"has-text-align-center wp-block-heading\">News<\/h2>\n\n<h2 class=\"wp-block-heading\">Najcz\u0119\u015bciej zadawane pytania<\/h2>\n\n<h3 class=\"wp-block-heading\">4. Jakie przedmioty mog\u0119 przechowywa\u0107?<\/h3>\n\n<p>W magazynie mo\u017cesz trzyma\u0107 meble, sprz\u0119t sportowy, archiwum firmowe, zapasy towaru czy sezonowe rzeczy. Zabronione s\u0105 jedynie materia\u0142y niebezpieczne, \u0142atwopalne oraz przedmioty niezgodne z prawem.<\/p>\n\n<h3 class=\"wp-block-heading\">5. Czy dost\u0119p do magazynu jest ca\u0142odobowy?<\/h3>\n\n<!-- wp:Array \/-->\n\n<h3 class=\"wp-block-heading\">6. Jak zabezpieczone s\u0105 magazyny?<\/h3>\n\n<p>Obiekty s\u0105 monitorowane, wyposa\u017cone w system kontroli dost\u0119pu i odpowiednie zabezpieczenia przeciwpo\u017carowe. Ka\u017cdy lokal zamykasz w\u0142asn\u0105 k\u0142\u00f3dk\u0105 lub zamkiem.<\/p>\n\n<h3 class=\"wp-block-heading\">7. Ile kosztuje wynajem?<\/h3>\n\n<!-- wp:Array \/-->\n\n<h3 class=\"wp-block-heading\">8. Czy mog\u0119 obejrze\u0107 magazyn przed podpisaniem umowy?<\/h3>\n\n<p>Oczywi\u015bcie. Wystarczy um\u00f3wi\u0107 si\u0119 na spotkanie \u2013 poka\u017cemy dost\u0119pne przestrzenie i doradzimy wyb\u00f3r najlepszego rozwi\u0105zania.<\/p>\n\n<h1 class=\"has-text-align-center wp-block-heading\">Self Storage Krak\u00f3w &#8211; magazyny kontenerowe \u2013 Ma\u0142y Magazyn<\/h1>","protected":false},"excerpt":{"rendered":"<p>Bezpiecze\u0144stwo Obiekty s\u0105 monitorowane, patrolowane przez firmy ochroniarskie. Ka\u017cdy magazyn posiada sw\u00f3j w\u0142asny system alarmowy pod\u0142\u0105czony do firmy ochroniarskiej z patrolami szybkiego reagowania. R\u00f3wnocze\u015bnie w\u0142a\u015bciciel zostaje poinformowany sms-em o aktywacji alarmu. Wygodny dost\u0119p zapewniaj\u0105 dwuskrzyd\u0142owe wrota z czterema ryglami. Mo\u017cliwo\u015b\u0107 za\u0142o\u017cenia od jednej do nawet czterech k\u0142\u00f3dek. Lokalizacja magazyn\u00f3w Ka\u017cdy plac posiada w\u0142asny system monitoringu [&hellip;]<\/p>\n","protected":false},"author":1,"featured_media":0,"parent":0,"menu_order":0,"comment_status":"closed","ping_status":"closed","template":"","meta":{"_acf_changed":false,"footnotes":""},"class_list":["post-33","page","type-page","status-publish","hentry"],"acf":[],"_links":{"self":[{"href":"https:\/\/malymagazyn.pl\/en\/wp-json\/wp\/v2\/pages\/33","targetHints":{"allow":["GET"]}}],"collection":[{"href":"https:\/\/malymagazyn.pl\/en\/wp-json\/wp\/v2\/pages"}],"about":[{"href":"https:\/\/malymagazyn.pl\/en\/wp-json\/wp\/v2\/types\/page"}],"author":[{"embeddable":true,"href":"https:\/\/malymagazyn.pl\/en\/wp-json\/wp\/v2\/users\/1"}],"replies":[{"embeddable":true,"href":"https:\/\/malymagazyn.pl\/en\/wp-json\/wp\/v2\/comments?post=33"}],"version-history":[{"count":100,"href":"https:\/\/malymagazyn.pl\/en\/wp-json\/wp\/v2\/pages\/33\/revisions"}],"predecessor-version":[{"id":1906,"href":"https:\/\/malymagazyn.pl\/en\/wp-json\/wp\/v2\/pages\/33\/revisions\/1906"}],"wp:attachment":[{"href":"https:\/\/malymagazyn.pl\/en\/wp-json\/wp\/v2\/media?parent=33"}],"curies":[{"name":"wp","href":"https:\/\/api.w.org\/{rel}","templated":true}]}}