{"id":3,"date":"2022-01-27T22:53:36","date_gmt":"2022-01-27T22:53:36","guid":{"rendered":"https:\/\/malymagazyn.pl\/?page_id=3"},"modified":"2025-10-28T20:14:04","modified_gmt":"2025-10-28T20:14:04","slug":"polityka-prywatnosci","status":"publish","type":"page","link":"https:\/\/malymagazyn.pl\/en\/polityka-prywatnosci\/","title":{"rendered":"privacy policy"},"content":{"rendered":"<p>utworzony dnia 21.03.2022 o godzinie 10:30 Polityka prywatno\u015bci Dzi\u0119kujemy za Pa\u0144stwa zainteresowanie naszym witryn\u0105 internetow\u0105. Ochrona Pa\u0144stwa prywatno\u015bci jest dla nas bardzo wa\u017cna. W niniejszej polityce prywatno\u015bci znajd\u0105 Pa\u0144stwo szczeg\u00f3\u0142owe informacje dotycz\u0105ce post\u0119powania z Pa\u0144stwa danymi. Administratorem Pa\u0144stwa danych jest: LORD SP\u00d3\u0141KA Z OGRANICZONA ODPOWIEDZIALNOSCIA, ul. KR\u00d3LOWEJ JADWIGI, nr 113-119, 30-212, Krak\u00f3w, sklep@lord.pl<\/p>\n<ol>\n<li><strong> Dane dost\u0119powe i hosting<\/strong><\/li>\n<\/ol>\n<p>Na nasze strony internetowe mo\u017cna wchodzi\u0107 bez podawania swoich danych osobowych. W przypadku ka\u017cdego wywo\u0142ania strony internetowej serwer zapisuje automatycznie jedynie tzw. logi serwera, jak np. nazw\u0119 \u017c\u0105danego pliku, Pa\u0144stwa adres IP, dat\u0119 i godzin\u0119 wywo\u0142ania, ilo\u015b\u0107 przesy\u0142anych danych i sk\u0142adaj\u0105cego zapytanie dostawc\u0119 us\u0142ug internetowych (dane dost\u0119powe) oraz dokumentuje wywo\u0142anie strony. Dane te s\u0105 analizowane wy\u0142\u0105cznie w celu zapewnienia prawid\u0142owego funkcjonowania strony i ulepszenia naszej oferty. Powy\u017csze s\u0142u\u017cy &#8211; w ramach oceny interes\u00f3w &#8211; zabezpieczeniu naszego prawnie uzasadnionego interesu, polegaj\u0105cego na prawid\u0142owym zaprezentowaniu naszej oferty. Wszystkie dane dost\u0119powe s\u0105 usuwane w terminie siedmiu dni od momentu zako\u0144czenia Pa\u0144stwa wizyty na stronie. <strong>Us\u0142ugi hostingowe dostarczane przez zewn\u0119trznego us\u0142ugodawc\u0119<\/strong> W ramach powierzenia przetwarzania danych &#8211; na nasze zlecenie zewn\u0119trzny us\u0142ugodawca wykonuje dla nas us\u0142ugi w zakresie hostingu i prezentacji stron internetowych. Wszystkie dane, kt\u00f3re &#8211; w spos\u00f3b opisany w niniejszej polityce prywatno\u015bci &#8211; zosta\u0142y zgromadzone w ramach korzystania z naszej strony internetowej lub w przewidzianych do tego celu formularzach w witrynie internetowej, s\u0105 przechowywane na serwerach tego us\u0142ugodawcy. Przetwarzanie na innych serwerach odbywa si\u0119 wy\u0142\u0105cznie w zakresie okre\u015blonym w niniejszej polityce prywatno\u015bci. Ten us\u0142ugodawca ma siedzib\u0119 na terenie kraju nale\u017c\u0105cego do Unii Europejskiej lub Europejskiego Obszaru Gospodarczego.<\/p>\n<ol start=\"2\">\n<li><strong> Gromadzenie i przetwarzanie danych celem realizacji umowy i utworzenia konta klienta<\/strong><\/li>\n<\/ol>\n<p>Gromadzimy dane osobowe wy\u0142\u0105cznie wtedy, kiedy nam je Pa\u0144stwo dobrowolnie przekazuj\u0105 kontaktuj\u0105c si\u0119 z nami (np. za pomoc\u0105 formularza kontaktowego lub e-mailem). Pola obowi\u0105zkowe s\u0105 oznaczone jako takie, poniewa\u017c zawarte w nich dane s\u0105 nam niezb\u0119dne do rozpatrzenia sprawy, w kt\u00f3rej kontaktowali si\u0119 Pa\u0144stwo z nami. Bez ich podania nie mo\u017cna skontaktowa\u0107 si\u0119 z nami. To, jakie dane s\u0105 gromadzone, wynika z formularzy, do kt\u00f3rych wprowadzane s\u0105 dane. Z przekazanych przez Pa\u0144stwa danych korzystamy w celu odpowiedzi na Pa\u0144stwa zapytania.<\/p>\n<ol start=\"3\">\n<li><strong> E-Mail-Newsletter i reklama wysy\u0142ana poczt\u0105<\/strong><\/li>\n<\/ol>\n<p><strong>Reklama wysy\u0142ana e-mailem po zapisaniu si\u0119 do newslettera<\/strong> Je\u015bli zapisz\u0105 si\u0119 Pa\u0144stwo do naszego newslettera, w\u00f3wczas b\u0119dziemy korzysta\u0107 z danych niezb\u0119dnych do tego celu lub przekazanych nam przez Pa\u0144stwa osobno w celu regularnego przesy\u0142ania Pa\u0144stwu naszego newslettera drog\u0105 elektroniczn\u0105 na podstawie udzielonej przez Pa\u0144stwa zgody. Mog\u0105 Pa\u0144stwo w ka\u017cdej chwili zrezygnowa\u0107 z otrzymywania newslettera, wysy\u0142aj\u0105c nam wiadomo\u015b\u0107 z stosown\u0105 informacj\u0105 lub korzystaj\u0105c z odpowiedniego linka zamieszczonego w newsletterze. Po wyrejestrowaniu si\u0119 usuniemy Pa\u0144stwa adres e-mail, o ile nie wyra\u017c\u0105 Pa\u0144stwo w spos\u00f3b wyra\u017any zgody na dalsze korzystanie z Pa\u0144stwa danych w innych celach lub nie zastrze\u017cemy sobie prawa dalszego korzystania z danych w ustawowo dozwolonych przypadkach, o czym &#8211; w takiej sytuacji informujemy Pa\u0144stwa w niniejszym o\u015bwiadczeniu. Newsletter jest wysy\u0142any w ramach powierzenia przetwarzania danych na nasze zlecenie przez us\u0142ugodawc\u0119, kt\u00f3remu przekazujemy w tym celu Pa\u0144stwa adres e-mail. Ten us\u0142ugodawca ma siedzib\u0119 na terenie kraju nale\u017c\u0105cego do Unii Europejskiej lub Europejskiego Obszaru Gospodarczego. <strong>Reklama wysy\u0142ana poczt\u0105 tradycyjn\u0105 i Pa\u0144stwa prawo sprzeciwu<\/strong> Ponadto zastrzegamy sobie prawo do przetwarzania Pa\u0144stwa danych \u2013 imienia i nazwiska oraz adresu pocztowego do w\u0142asnych cel\u00f3w reklamowych w zakresie naszych produkt\u00f3w, np. przesy\u0142ania poczt\u0105 najnowszych ofert i informacji dotycz\u0105cych naszych produkt\u00f3w. Powy\u017csze s\u0142u\u017cy zabezpieczeniu naszego prawnie uzasadnionego interesu, polegaj\u0105cego na kontakcie z klientami w celach reklamowych.<\/p>\n<ol start=\"4\">\n<li><strong> Cookies i analityka internetowa<\/strong><\/li>\n<\/ol>\n<p>Aby uatrakcyjni\u0107 nasz\u0105 stron\u0119 internetow\u0105 oraz umo\u017cliwi\u0107 korzystanie z okre\u015blonych funkcji w celu wy\u015bwietlenia odpowiednich produkt\u00f3w lub do cel\u00f3w bada\u0144 rynkowych, stosujemy na naszych stronach tzw. pliki cookies. Powy\u017csze &#8211; w ramach analizy i oceny interes\u00f3w &#8211; s\u0142u\u017cy ochronie naszego prawnie uzasadnionego interesu, polegaj\u0105cego na optymalnej prezentacji naszej oferty. Cookies s\u0105 ma\u0142ymi plikami tekstowymi, kt\u00f3re s\u0105 automatycznie zapisywane na Pa\u0144stwa urz\u0105dzeniu ko\u0144cowym. Niekt\u00f3re u\u017cywane przez nas cookies s\u0105 usuwane po zako\u0144czeniu sesji przegl\u0105darki internetowej, tzn. po jej zamkni\u0119ciu (tzw. cookies sesyjne). Inne cookies s\u0105 zachowywane na Pa\u0144stwa urz\u0105dzeniu ko\u0144cowym i umo\u017cliwiaj\u0105 nam rozpoznanie Pa\u0144stwa przegl\u0105darki przy kolejnym wej\u015bciu na stron\u0119 (trwa\u0142e cookies). Czas przechowywania podany jest w ustawieniach cookies Pa\u0144stwa przegl\u0105darki internetowej. Przegl\u0105dark\u0119 mo\u017cna skonfigurowa\u0107 w ten spos\u00f3b, aby otrzymywa\u0107 informacj\u0119 o stosowaniu cookies i mie\u0107 mo\u017cliwo\u015b\u0107 decydowania o ich akceptacji lub odrzuceniu w okre\u015blonych przypadkach lub ca\u0142kowicie. Przegl\u0105darki zarz\u0105dzaj\u0105 ustawieniami cookies na r\u00f3\u017cne sposoby. W menu pomocniczym przegl\u0105darki internetowej znajd\u0105 Pa\u0144stwo wyja\u015bnienia dotycz\u0105ce zmiany ustawie\u0144 cookies. Dost\u0119pne s\u0105 one pod nast\u0119puj\u0105cymi linkami: Internet Explorer\u2122: https:\/\/support.microsoft.com\/pl-pl\/help\/17442\/windows-internet-explorer-delete-manage-cookies Safari\u2122: http:\/\/safari.helpmax.net\/pl\/ochrona-i-prywatnosc\/usuwanie-plikow-cookie\/ Chrome\u2122: https:\/\/support.google.com\/chrome\/answer\/95647?hl=pl&amp;hlrm=en Firefox\u2122: https:\/\/support.mozilla.org\/pl\/kb\/usuwanie-ciasteczek Opera\u2122: http:\/\/help.opera.com\/Windows\/12.10\/pl\/cookies.html W przypadku braku zgody na wykorzystywanie plik\u00f3w cookies funkcjonalno\u015b\u0107 naszej strony internetowej mo\u017ce zosta\u0107 ograniczona. Niniejsza strona internetowa korzysta w ramach Google Analytics (zobacz ni\u017cej) r\u00f3wnie\u017c z tzw. plik\u00f3w cookies DoubleClick, kt\u00f3re umo\u017cliwiaj\u0105 rozpoznanie Pa\u0144stwa przegl\u0105darki w przypadku korzystania z innych stron internetowych. Informacje generowane automatycznie przez cookies, dotycz\u0105ce Pa\u0144stwa korzystania z niniejszej strony internetowej, s\u0105 przekazywane do serwera Google w Stanach Zjednoczonych i tam przechowywane. Z uwagi na aktywowan\u0105 na niniejszej stronie internetowej anonimizacj\u0119 IP, Pa\u0144stwa adres IP jest skracany przed przekazaniem dalej w obr\u0119bie pa\u0144stw cz\u0142onkowskich Unii Europejskiej lub w innych pa\u0144stwach b\u0119d\u0105cych stron\u0105 Porozumienia o Europejskim Obszarze Gospodarczym. Tylko w wyj\u0105tkowych przypadkach pe\u0142ny adres IP jest przekazywany do serwera Google w Stanach Zjednoczonych i tam skracany. Anonimizowany adres IP przekazany przez Pa\u0144stwa przegl\u0105dark\u0119 w ramach Google Analytics nie jest \u0142\u0105czony z innymi danymi Google. Google b\u0119dzie korzysta\u0107 z tych informacji, aby sporz\u0105dzi\u0107 raport dotycz\u0105cy aktywno\u015bci na stronie internetowej oraz w celu \u015bwiadczenia innych us\u0142ug zwi\u0105zanych z korzystaniem ze strony internetowej. Powy\u017csze &#8211; w ramach analizy i oceny interes\u00f3w &#8211; s\u0142u\u017cy ochronie naszego prawnie uzasadnionego interesu, polegaj\u0105cego na optymalnym i efektywnym dzia\u0142aniu naszej strony internetowej na rynku. Google przeka\u017ce powy\u017csze informacje osobom trzecim, je\u015bli wymagaj\u0105 tego przepisy prawa lub je\u015bli osoby trzecie przetwarzaj\u0105 powy\u017csze dane na zlecenie Google. Google Double Click stanowi ofert\u0119 Google LLC. (www.google.com). Google LLC ma siedzib\u0119 g\u0142\u00f3wn\u0105 w USA i posiada certyfikat EU-US-Privacy Shield. Aktualny certyfikat dost\u0119pny jest\u00a0<a href=\"https:\/\/www.privacyshield.gov\/list\" target=\"_blank\" rel=\"noopener\">pod tym linkiem<\/a>. W ramach umowy pomi\u0119dzy USA a Komisj\u0105 Europejsk\u0105 ta ostatnia stwierdzi\u0142a odpowiedni poziom ochrony danych w przypadku przedsi\u0119biorstw posiadaj\u0105cych certyfikat Privacy Shield. Mog\u0105 Pa\u0144stwo dezaktywowa\u0107 cookies DoubleClick klikaj\u0105c w\u00a0<a href=\"https:\/\/adssettings.google.com\/anonymous?hl=pl&amp;sig=ACi0TCi2yqyzXDrHVAXs8I405xcWOOeYck0na3tsREboos0yKlq66mtqxm3A5xK0Br3_qidSHuLAwB96dy-bRFPSMQt88qev4vxH2rvRAJXlQWbDy-k9Xjc\" target=\"_blank\" rel=\"noopener\">link<\/a>. Ponadto mog\u0105 Pa\u0144stwo zasi\u0119gn\u0105\u0107 informacji na temat stosowania cookies i odpowiednich ustawie\u0144 na stronie\u00a0<a href=\"https:\/\/www.aboutads.info\/\" target=\"_blank\" rel=\"noopener\">Digital Advertising Alliance<\/a>. Mog\u0105 Pa\u0144stwo r\u00f3wnie\u017c tak skonfigurowa\u0107 swoj\u0105 przegl\u0105dark\u0119, aby otrzymywa\u0107 informacj\u0119 o stosowaniu cookies i mie\u0107 mo\u017cliwo\u015b\u0107 decydowania o ich akceptacji lub odrzuceniu w okre\u015blonych przypadkach lub ca\u0142kowicie. W przypadku braku akceptacji wykorzystywania plik\u00f3w cookies funkcjonalno\u015b\u0107 naszej strony internetowej mo\u017ce zosta\u0107 ograniczona. <strong>Zastosowanie Google (Universal) Analytics do cel\u00f3w analityki internetowej<\/strong> Nasza strona internetowa u\u017cywa Google (Universal) Analytics, narz\u0119dzia do analityki internetowej firmy Google Inc. (www.google.com). Powy\u017csze &#8211; w ramach analizy i oceny interes\u00f3w &#8211; s\u0142u\u017cy ochronie naszego prawnie uzasadnionego interesu, polegaj\u0105cego na optymalnej prezentacji naszej oferty. Google (Universal) Analytics korzysta z metod, kt\u00f3re umo\u017cliwiaj\u0105 analiz\u0119 korzystania przez Pa\u0144stwa ze strony internetowej &#8211; na przyk\u0142ad pliki cookies. Automatycznie zgromadzone informacje dotycz\u0105ce korzystania przez Pa\u0144stwa z niniejszej strony internetowej s\u0105 przekazywane z regu\u0142y do serwera Google w Stanach Zjednoczonych i tam przechowywane. Z uwagi na aktywowan\u0105 na niniejszej stronie internetowej anonimizacj\u0119 IP, Pa\u0144stwa adres IP jest skracany przed przekazaniem dalej w obr\u0119bie pa\u0144stw cz\u0142onkowskich Unii Europejskiej lub w innych pa\u0144stwach b\u0119d\u0105cych stron\u0105 Porozumienia o Europejskim Obszarze Gospodarczym. Tylko w wyj\u0105tkowych przypadkach pe\u0142ny adres IP jest przekazywany do serwera Google w Stanach Zjednoczonych i tam skracany. Zanonimizowany adres IP przekazany przez Pa\u0144stwa przegl\u0105dark\u0119 w ramach Google Analytics co do zasady nie jest \u0142\u0105czony z innymi danymi Google. Google LLC ma siedzib\u0119 g\u0142\u00f3wn\u0105 w USA i posiada certyfikat EU-US-Privacy Shield. Aktualny certyfikat dost\u0119pny jest\u00a0<a href=\"https:\/\/www.privacyshield.gov\/list\" target=\"_blank\" rel=\"noopener\">pod tym linkiem<\/a>. W ramach umowy pomi\u0119dzy USA a Komisj\u0105 Europejsk\u0105 ta ostatnia stwierdzi\u0142a odpowiedni poziom ochrony danych w przypadku przedsi\u0119biorstw posiadaj\u0105cych certyfikat Privacy Shield. Mog\u0105 Pa\u0144stwo zapobiec rejestrowaniu zgromadzonych przez pliki cookies danych dotycz\u0105cych korzystania przez Pa\u0144stwa z naszej strony internetowej (w tym Pa\u0144stwa adresu IP) przez Google, jak r\u00f3wnie\u017c przetwarzaniu tych danych przez Google, je\u015bli pobior\u0105 i zainstaluj\u0105 Pa\u0144stwo wtyczk\u0119 do przegl\u0105darki znajduj\u0105c\u0105 si\u0119 pod linkiem: https:\/\/tools.google.com\/dlpage\/gaoptout?hl=pl Alternatywnie \u2013 zamiast instalacji wtyczki do przegl\u0105darki internetowej mog\u0105 Pa\u0144stwo r\u00f3wnie\u017c klikn\u0105\u0107 w\u00a0niniejszy link\u00a0aby wy\u0142\u0105czy\u0107 gromadzenie danych przez Google Analytics na naszej stronie internetowej. Na Pa\u0144stwa urz\u0105dzeniu ko\u0144cowym zapisany zostanie w\u00f3wczas plik cookie opt-out. Je\u015bli usun\u0105 Pa\u0144stwo pliki cookies, w\u00f3wczas musz\u0105 Pa\u0144stwo ponownie klikn\u0105\u0107 w powy\u017cszy link.<\/p>\n<ol start=\"5\">\n<li><strong> Reklama za pomoc\u0105 narz\u0119dzi do e-marketingu<\/strong><\/li>\n<\/ol>\n<p><strong>Google AdWords Remarketing<\/strong> Z pomoc\u0105 Google Adwords promujemy nasz\u0105 stron\u0119 internetow\u0105 w wynikach wyszukiwania oraz na stronach os\u00f3b trzecich. W tym celu przy okazji odwiedzin naszej strony internetowej automatycznie pozostawiany jest w urz\u0105dzeniu ka\u017cdego odwiedzaj\u0105cego tzw. plik remarketing cookie firmy Google, kt\u00f3ry z pomoc\u0105 pseudonimowego identyfikatora (ID) oraz na podstawie odwiedzanych przez Pa\u0144stwa stron umo\u017cliwia wy\u015bwietlanie reklam opartych na zainteresowaniach. Powy\u017csze s\u0142u\u017cy ochronie naszego prawnie uzasadnionego interesu, polegaj\u0105cego na optymalnym dzia\u0142aniu naszej strony internetowej na rynku. Dalsze przetwarzanie danych ma miejsce tylko wtedy, gdy wyrazili Pa\u0144stwo zgod\u0119 wobec Google na \u0142\u0105czenie historii przegl\u0105dania i u\u017cycia aplikacji z Pa\u0144stwa kontem oraz wykorzystanie informacji z Pa\u0144stwa konta Google do personalizowania reklam, kt\u00f3re wy\u015bwietlane s\u0105 na stronach internetowych. Je\u015bli w takim przypadku b\u0119dziecie Pa\u0144stwo zalogowani podczas wizyty na naszej stronie internetowej w serwisie Google, Google wykorzysta Pa\u0144stwa dane razem z danymi Google Analytics w celu stworzenia i zdefiniowania list grup docelowych dla cel\u00f3w remarketingu na r\u00f3\u017cnych urz\u0105dzeniach. W tym celu Google \u0142\u0105czy tymczasowo Pa\u0144stwa dane osobowe z danymi Google Analytics, aby utworzy\u0107 grupy docelowe. Us\u0142uga Google AdWords Remarketing stanowi ofert\u0119 Google LLC (www.google.com). Google LLC ma siedzib\u0119 g\u0142\u00f3wn\u0105 w USA i posiada certyfikat EU-US-Privacy Shield. Aktualny certyfikat dost\u0119pny jest\u00a0<a href=\"https:\/\/www.privacyshield.gov\/list\" target=\"_blank\" rel=\"noopener\">pod podanym linkiem<\/a>. W ramach umowy pomi\u0119dzy USA a Komisj\u0105 Europejsk\u0105 ta ostatnia stwierdzi\u0142a odpowiedni poziom ochrony danych w przypadku przedsi\u0119biorstw posiadaj\u0105cych certyfikat Privacy Shield. Mog\u0105 Pa\u0144stwo dezaktywowa\u0107 cookies wykorzystywane do remarketingu klikaj\u0105c w niniejszy\u00a0<a href=\"https:\/\/adssettings.google.com\/anonymous?hl=pl&amp;sig=ACi0TCi2yqyzXDrHVAXs8I405xcWOOeYck0na3tsREboos0yKlq66mtqxm3A5xK0Br3_qidSHuLAwB96dy-bRFPSMQt88qev4vxH2rvRAJXlQWbDy-k9Xjc\" target=\"_blank\" rel=\"noopener\">link<\/a>. Ponadto mog\u0105 Pa\u0144stwo zasi\u0119gn\u0105\u0107 informacji na temat stosowania cookies i odpowiednich ustawie\u0144 na stronie\u00a0<a href=\"https:\/\/www.aboutads.info\/\" target=\"_blank\" rel=\"noopener\">Digital Advertising Alliance<\/a>.<\/p>\n<ol start=\"6\">\n<li><strong> Wtyczki portali spo\u0142eczno\u015bciowych<\/strong><\/li>\n<\/ol>\n<p><strong>Wykorzystanie wtyczek spo\u0142eczno\u015bciowych<\/strong> Na naszej stronie internetowej u\u017cywane s\u0105 tzw. wtyczki spo\u0142eczno\u015bciowe (\u201ewtyczki\u201c) serwis\u00f3w spo\u0142eczno\u015bciowych. Wy\u015bwietlaj\u0105c nasz\u0105 stron\u0119 internetow\u0105, zawieraj\u0105c\u0105 tak\u0105 wtyczk\u0119, Pa\u0144stwa przegl\u0105darka nawi\u0105\u017ce bezpo\u015brednie po\u0142\u0105czenie z serwerami Facebook, Google, Twitter lub Instagram. Zawarto\u015b\u0107 wtyczki jest przekazywana przez danego us\u0142ugodawc\u0119 bezpo\u015brednio do Pa\u0144stwa przegl\u0105darki i integrowana z stron\u0105. Dzi\u0119ki tej integracji us\u0142ugodawcy otrzymuj\u0105 informacj\u0119, \u017ce Pa\u0144stwa przegl\u0105darka wy\u015bwietli\u0142a nasz\u0105 stron\u0119, nawet je\u015bli nie posiadaj\u0105 Pa\u0144stwo profilu u danego us\u0142ugodawcy czy nie s\u0105 u niego akurat zalogowani. Taka informacja (wraz z Pa\u0144stwa adresem IP) jest przez Pa\u0144stwa przegl\u0105dark\u0119 przesy\u0142ana bezpo\u015brednio do serwera danego us\u0142ugodawcy (niekt\u00f3re serwery znjaduj\u0105 si\u0119 w USA) i tam przechowywana. Je\u015bli zalogowali si\u0119 Pa\u0144stwo do jednego z serwis\u00f3w spo\u0142eczno\u015bciowych, to us\u0142ugodawca ten b\u0119dzie m\u00f3g\u0142 bezpo\u015brednio przyporz\u0105dkowa\u0107 wizyt\u0119 na naszej stronie do Pa\u0144stwa profilu w danym serwisie spo\u0142eczno\u015bciowym. Je\u015bli u\u017cyj\u0105 Pa\u0144stwo danej wtyczki, np. klikn\u0105 na przycisk \u201eLubi\u0119 to\u201d lub przycisk \u201eUdost\u0119pnij\u201d, to odpowiednia informacja zostanie r\u00f3wnie\u017c przes\u0142ana bezpo\u015brednio na serwer danego us\u0142ugodawcy i tam zachowana. Informacje te zostan\u0105 poza tym opublikowane w danym serwisie spo\u0142eczno\u015bciowym i uka\u017c\u0105 si\u0119 osobom dodanym jako Pa\u0144stwa kontakty. Cel i zakres gromadzenia danych oraz ich dalszego przetwarzania i wykorzystania przez us\u0142ugodawc\u00f3w, jak r\u00f3wnie\u017c mo\u017cliwo\u015b\u0107 kontaktu oraz Pa\u0144stwa prawa w tym zakresie i mo\u017cliwo\u015b\u0107 dokonania ustawie\u0144 zapewniaj\u0105cych ochron\u0119 Pa\u0144stwa prywatno\u015bci zosta\u0142y opisane w polityce prywatno\u015bci us\u0142ugodawc\u00f3w. https:\/\/www.facebook.com\/policy.php https:\/\/developers.google.com\/+\/web\/buttons-policy https:\/\/help.instagram.com\/155833707900388 Je\u015bli nie chc\u0105 Pa\u0144stwo, aby serwisy spo\u0142eczno\u015bciowe przyporz\u0105dkowywa\u0142y dane zebrane w trakcie odwiedzin na naszej stronie internetowej bezpo\u015brednio Pa\u0144stwa profilowi w danym serwisie, to przed wizyt\u0105 na naszej stronie musz\u0105 si\u0119 Pa\u0144stwo wylogowa\u0107 z tego serwisu. Mog\u0105 Pa\u0144stwo r\u00f3wnie\u017c ca\u0142kowicie uniemo\u017cliwi\u0107 za\u0142adowanie na stronie wtyczek stosuj\u0105c odpowiednie rozszerzenia dla Pa\u0144stwa przegl\u0105darki, np. blokowanie skrypt\u00f3w za pomoc\u0105 \u201eNoScript\u201c (https:\/\/noscript.net\/).&#8221; <strong>Wtyczki video dla Youtube<\/strong> Z niniejsz\u0105 stron\u0105 zintegrowane s\u0105 tre\u015bci innych us\u0142ugodawc\u00f3w. Wtyczki video dla Youtube udost\u0119pnia Google Inc (\u201eUs\u0142ugodawca\u201d). Serwis Youtube prowadzony jest przez Google LLC, 1600 Amphitheatre Parkway, Mountain View, CA 94043, USA (\u201eGoogle\u201c). W przypadku materia\u0142\u00f3w video z Youtube, dost\u0119pnych na naszej stronie internetowej, aktywowano rozszerzon\u0105 ochron\u0119 danych osobowych. Oznacza to, \u017ce Youtube nie pobiera i nie zapisuje informacji o osobach odwiedzaj\u0105cych stron\u0119, chyba \u017ce w\u0142\u0105cz\u0105 one materia\u0142 wideo. Cel i zakres gromadzenia danych oraz ich dalszego przetwarzania i wykorzystania przez us\u0142ugodawc\u00f3w jak r\u00f3wnie\u017c Pa\u0144stwa prawa w tym zakresie i mo\u017cliwo\u015bci dotycz\u0105ce ustawie\u0144 zapewniaj\u0105cych ochron\u0119 Pa\u0144stwa prywatno\u015bci zosta\u0142y opisane w\u00a0<a href=\"https:\/\/developers.google.com\/+\/web\/buttons-policy\" target=\"_blank\" rel=\"noopener\">polityce prywatno\u015bci Google<\/a>.<\/p>\n<ol start=\"7\">\n<li><strong> Nasze dane kontaktowe i Pa\u0144stwa prawa<\/strong><\/li>\n<\/ol>\n<p>Maj\u0105 Pa\u0144stwo prawo do bezp\u0142atnej informacji dotycz\u0105cej Pa\u0144stwa danych osobowych, kt\u00f3re s\u0105 u nas przechowywane, a tak\u017ce prawo do sprostowania, ograniczenia przetwarzania, przenoszenia i usuni\u0119cia tych danych. W razie pyta\u0144 dotycz\u0105cych gromadzenia, przetwarzania i korzystania z Pa\u0144stwa danych osobowych, w razie \u017c\u0105dania udzielenia informacji, sprostowania, blokowania czy usuni\u0119cia danych oraz w celu odwo\u0142ania ewentualnych udzielonych zg\u00f3d lub wyra\u017cenia sprzeciwu wobec korzystania z okre\u015blonych danych, prosimy o kontakt z\u00a0administratorem danych: LORD SP\u00d3\u0141KA Z OGRANICZONA ODPOWIEDZIALNO\u015aCIA, ul. KR\u00d3LOWEJ JADWIGI, nr 113-119, 30-212, Krak\u00f3w, <a href=\"mailto:sklep@lord.pl\">sklep@lord.pl<\/a><\/p>\n<p style=\"margin-bottom: 7.5pt; background-image: initial; background-position: initial; background-size: initial; background-repeat: initial; background-attachment: initial; background-origin: initial; background-clip: initial;\">\u00a0<\/p>\n<p style=\"margin-bottom: 7.5pt; background-image: initial; background-position: initial; background-size: initial; background-repeat: initial; background-attachment: initial; background-origin: initial; background-clip: initial;\">\u00a0<\/p>\n<p>Ponadto przys\u0142uguje Pa\u0144stwu prawo do z\u0142o\u017cenia skargi do w\u0142a\u015bciwego organu nadzorczego. ******************************************************************** <strong>Prawo do wniesienia sprzeciwu<\/strong> Je\u017celi w spos\u00f3b opisany w niniejszej polityce prywatno\u015bci &#8211; w ramach analizy i oceny interes\u00f3w &#8211; przetwarzamy dane osobowe w celu zabezpieczenia naszych prawnie uzasadnionych interes\u00f3w, w\u00f3wczas mog\u0105 Pa\u0144stwo wyrazi\u0107 sprzeciw wobec takiego przetwarzania danych w tym celu &#8211; ze skutkiem na przysz\u0142o\u015b\u0107. Je\u017celi przetwarzanie ma miejsce do cel\u00f3w marketingu bezpo\u015bredniego, mog\u0105 Pa\u0144stwo zrealizowa\u0107 prawo do sprzeciwu w ka\u017cdym czasie. Je\u017celi przetwarzanie ma miejsce w innych celach, przys\u0142uguje Pa\u0144stwu prawo do z\u0142o\u017cenia sprzeciwu jedynie z przyczyn wynikaj\u0105cych z Pa\u0144stwa szczeg\u00f3lnej sytuacji. Po skorzystaniu przez Pa\u0144stwa z prawa do sprzeciwu nie b\u0119dziemy kontynuowa\u0107 przetwarzania Pa\u0144stwa danych osobowych, chyba \u017ce wyka\u017cemy istnienie wa\u017cnych prawnie uzasadnionych podstaw do przetwarzania i b\u0119d\u0105 one nadrz\u0119dne wobec Pa\u0144stwa interes\u00f3w i praw, lub gdy przetwarzanie danych ma s\u0142u\u017cy\u0107 dochodzeniu, wykonaniu lub obronie roszcze\u0144. Powy\u017csze nie obowi\u0105zuje, gdy przetwarzanie danych ma miejsce do cel\u00f3w marketingu bezpo\u015bredniego. W takim przypadku nie b\u0119dziemy kontynuowa\u0107 przetwarzania Pa\u0144stwa danych osobowych do powy\u017cszego celu.\u00a0********************************************************************<\/p>","protected":false},"excerpt":{"rendered":"<p>utworzony dnia 21.03.2022 o godzinie 10:30 Polityka prywatno\u015bci Dzi\u0119kujemy za Pa\u0144stwa zainteresowanie naszym witryn\u0105 internetow\u0105. Ochrona Pa\u0144stwa prywatno\u015bci jest dla nas bardzo wa\u017cna. W niniejszej polityce prywatno\u015bci znajd\u0105 Pa\u0144stwo szczeg\u00f3\u0142owe informacje dotycz\u0105ce post\u0119powania z Pa\u0144stwa danymi. Administratorem Pa\u0144stwa danych jest: LORD SP\u00d3\u0141KA Z OGRANICZONA ODPOWIEDZIALNOSCIA, ul. KR\u00d3LOWEJ JADWIGI, nr 113-119, 30-212, Krak\u00f3w, sklep@lord.pl Dane dost\u0119powe [&hellip;]<\/p>\n","protected":false},"author":1,"featured_media":0,"parent":0,"menu_order":0,"comment_status":"closed","ping_status":"open","template":"","meta":{"_acf_changed":false,"footnotes":""},"class_list":["post-3","page","type-page","status-publish","hentry"],"acf":[],"_links":{"self":[{"href":"https:\/\/malymagazyn.pl\/en\/wp-json\/wp\/v2\/pages\/3","targetHints":{"allow":["GET"]}}],"collection":[{"href":"https:\/\/malymagazyn.pl\/en\/wp-json\/wp\/v2\/pages"}],"about":[{"href":"https:\/\/malymagazyn.pl\/en\/wp-json\/wp\/v2\/types\/page"}],"author":[{"embeddable":true,"href":"https:\/\/malymagazyn.pl\/en\/wp-json\/wp\/v2\/users\/1"}],"replies":[{"embeddable":true,"href":"https:\/\/malymagazyn.pl\/en\/wp-json\/wp\/v2\/comments?post=3"}],"version-history":[{"count":5,"href":"https:\/\/malymagazyn.pl\/en\/wp-json\/wp\/v2\/pages\/3\/revisions"}],"predecessor-version":[{"id":550,"href":"https:\/\/malymagazyn.pl\/en\/wp-json\/wp\/v2\/pages\/3\/revisions\/550"}],"wp:attachment":[{"href":"https:\/\/malymagazyn.pl\/en\/wp-json\/wp\/v2\/media?parent=3"}],"curies":[{"name":"wp","href":"https:\/\/api.w.org\/{rel}","templated":true}]}}