{"id":224,"date":"2022-02-16T06:31:33","date_gmt":"2022-02-16T06:31:33","guid":{"rendered":"https:\/\/malymagazyn.pl\/?page_id=224"},"modified":"2025-10-28T20:09:47","modified_gmt":"2025-10-28T20:09:47","slug":"lokalizacje-magazynow","status":"publish","type":"page","link":"https:\/\/malymagazyn.pl\/en\/lokalizacje-magazynow\/","title":{"rendered":"Container Location"},"content":{"rendered":"<h3 class=\"wp-block-heading\">KRAK\u00d3W SKOTNICKA 244<\/h3>\n\n<h3 class=\"wp-block-heading\">KRAK\u00d3W WINNICKA 52<\/h3>\n\n<h3 class=\"wp-block-heading\">KRAK\u00d3W BAZAROWA 12<\/h3>\n\n<h1 class=\"wp-block-heading\">Lokalizacje magazyn\u00f3w w Krakowie<\/h1>","protected":false},"excerpt":{"rendered":"<p>KRAK\u00d3W SKOTNICKA 244 KRAK\u00d3W WINNICKA 52 KRAK\u00d3W BAZAROWA 12 Lokalizacje magazyn\u00f3w w Krakowie<\/p>","protected":false},"author":1,"featured_media":0,"parent":0,"menu_order":0,"comment_status":"closed","ping_status":"closed","template":"","meta":{"_acf_changed":false,"footnotes":""},"class_list":["post-224","page","type-page","status-publish","hentry"],"acf":[],"_links":{"self":[{"href":"https:\/\/malymagazyn.pl\/en\/wp-json\/wp\/v2\/pages\/224","targetHints":{"allow":["GET"]}}],"collection":[{"href":"https:\/\/malymagazyn.pl\/en\/wp-json\/wp\/v2\/pages"}],"about":[{"href":"https:\/\/malymagazyn.pl\/en\/wp-json\/wp\/v2\/types\/page"}],"author":[{"embeddable":true,"href":"https:\/\/malymagazyn.pl\/en\/wp-json\/wp\/v2\/users\/1"}],"replies":[{"embeddable":true,"href":"https:\/\/malymagazyn.pl\/en\/wp-json\/wp\/v2\/comments?post=224"}],"version-history":[{"count":42,"href":"https:\/\/malymagazyn.pl\/en\/wp-json\/wp\/v2\/pages\/224\/revisions"}],"predecessor-version":[{"id":1884,"href":"https:\/\/malymagazyn.pl\/en\/wp-json\/wp\/v2\/pages\/224\/revisions\/1884"}],"wp:attachment":[{"href":"https:\/\/malymagazyn.pl\/en\/wp-json\/wp\/v2\/media?parent=224"}],"curies":[{"name":"wp","href":"https:\/\/api.w.org\/{rel}","templated":true}]}}